{"id":17,"date":"2020-08-21T11:19:08","date_gmt":"2020-08-21T11:19:08","guid":{"rendered":"https:\/\/humbertoramos.net\/ramosdemorna\/?page_id=17"},"modified":"2020-09-02T10:59:49","modified_gmt":"2020-09-02T10:59:49","slug":"workshop","status":"publish","type":"page","link":"https:\/\/humbertoramos.net\/ramosdemorna\/workshop\/","title":{"rendered":"Workshop"},"content":{"rendered":"<body>\n<div class=\"wp-block-buttons is-layout-flex wp-block-buttons-is-layout-flex\">\n<div class=\"wp-block-button\"><a class=\"wp-block-button__link\" href=\"https:\/\/humbertoramos.net\/ramosdemorna\/workshop-en\/\">English<\/a><\/div>\n<\/div>\n\n\n\n<p>O workshop ser\u00e1 dividido em <strong>dois dias intensivos<\/strong> e compostos por <strong>Masterclasses de Piano, Cavaquinho e Crioulo de Cabo Verde<\/strong>, seguido por ensaios. Os participantes ser\u00e3o distribu\u00eddos por grupos desde que tenham feito a sua pr\u00e9-inscri\u00e7\u00e3o. No \u00faltimo dia, no final da tarde, realizar-se-\u00e1 um <strong>concerto<\/strong> final para performance e apresenta\u00e7\u00e3o dos conhecimentos adquiridos e trabalhados nos ensaios.\u00a0<\/p>\n\n\n\n<h3 class=\"wp-block-heading\"><strong>Composi\u00e7\u00e3o do ensemble<\/strong><\/h3>\n\n\n\n<p>Piano \u2013 Humberto Ramos<\/p>\n\n\n\n<p>Cavaquinho \u2013 um m\u00fasico convidado<\/p>\n\n\n\n<p>Ensemble de cordas (alunos da institui\u00e7\u00e3o)\u00a0<\/p>\n\n\n\n<p>(6 Violinos, 3 violas 3 cellos +1 contrabaixo em pizzicato)<\/p>\n\n\n\n<p>Participa\u00e7\u00e3o de uma voz convidada em alguns temas.<\/p>\n\n\n\n<h3 class=\"wp-block-heading\"><strong>Equipamentos<\/strong><\/h3>\n\n\n\n<p><strong>para os workshops<\/strong><\/p>\n\n\n\n<p>3 salas confort\u00e1veis de acordo com o n\u00famero de participantes<\/p>\n\n\n\n<p>projetor e tela<\/p>\n\n\n\n<p>grand piano<\/p>\n\n\n\n<p><strong>Para o concerto<\/strong><\/p>\n\n\n\n<p>sistema de som de acordo com as condi\u00e7\u00f5es da sala<\/p>\n\n\n\n<p>grand piano<\/p>\n\n\n\n<p>1 microfone para voz<\/p>\n\n\n\n<p>5 monitores de palco<\/p>\n\n\n\n<p>microfones para o ensemble de cordas<\/p>\n<\/body>","protected":false},"excerpt":{"rendered":"<p>O workshop ser\u00e1 dividido em dois dias intensivos e compostos por Masterclasses de Piano, Cavaquinho e Crioulo de Cabo Verde, seguido por ensaios. Os participantes ser\u00e3o distribu\u00eddos por grupos desde que tenham feito a sua pr\u00e9-inscri\u00e7\u00e3o. No \u00faltimo dia, no final da tarde, realizar-se-\u00e1 um concerto final para performance e apresenta\u00e7\u00e3o dos conhecimentos adquiridos e [&hellip;]<\/p>\n","protected":false},"author":1,"featured_media":0,"parent":0,"menu_order":0,"comment_status":"closed","ping_status":"closed","template":"","meta":{"om_disable_all_campaigns":false,"_monsterinsights_skip_tracking":false,"_monsterinsights_sitenote_active":false,"_monsterinsights_sitenote_note":"","_monsterinsights_sitenote_category":0,"footnotes":""},"class_list":["post-17","page","type-page","status-publish","hentry"],"jetpack_sharing_enabled":true,"_links":{"self":[{"href":"https:\/\/humbertoramos.net\/ramosdemorna\/wp-json\/wp\/v2\/pages\/17","targetHints":{"allow":["GET"]}}],"collection":[{"href":"https:\/\/humbertoramos.net\/ramosdemorna\/wp-json\/wp\/v2\/pages"}],"about":[{"href":"https:\/\/humbertoramos.net\/ramosdemorna\/wp-json\/wp\/v2\/types\/page"}],"author":[{"embeddable":true,"href":"https:\/\/humbertoramos.net\/ramosdemorna\/wp-json\/wp\/v2\/users\/1"}],"replies":[{"embeddable":true,"href":"https:\/\/humbertoramos.net\/ramosdemorna\/wp-json\/wp\/v2\/comments?post=17"}],"version-history":[{"count":5,"href":"https:\/\/humbertoramos.net\/ramosdemorna\/wp-json\/wp\/v2\/pages\/17\/revisions"}],"predecessor-version":[{"id":77,"href":"https:\/\/humbertoramos.net\/ramosdemorna\/wp-json\/wp\/v2\/pages\/17\/revisions\/77"}],"wp:attachment":[{"href":"https:\/\/humbertoramos.net\/ramosdemorna\/wp-json\/wp\/v2\/media?parent=17"}],"curies":[{"name":"wp","href":"https:\/\/api.w.org\/{rel}","templated":true}]}}