{"id":5,"date":"2020-08-21T10:57:35","date_gmt":"2020-08-21T10:57:35","guid":{"rendered":"https:\/\/humbertoramos.net\/ramosdemorna\/?page_id=5"},"modified":"2020-09-02T10:49:35","modified_gmt":"2020-09-02T10:49:35","slug":"welcome","status":"publish","type":"page","link":"https:\/\/humbertoramos.net\/ramosdemorna\/","title":{"rendered":"Bem vindo"},"content":{"rendered":"<body>\n<div class=\"wp-block-buttons is-layout-flex wp-block-buttons-is-layout-flex\">\n<div class=\"wp-block-button is-style-fill\"><a class=\"wp-block-button__link\" href=\"https:\/\/humbertoramos.net\/ramosdemorna\/welcome-en\/\">English<\/a><\/div>\n<\/div>\n\n\n\n<h1 class=\"wp-block-heading\"><strong>RAMOS DE MORNA<\/strong> <\/h1>\n\n\n\n<p>\u201cRamos de Morna\u201d \u00e9 um projecto que pretende levar a Morna, g\u00e9nero musical emblem\u00e1tico de Cabo Verde, ao meio acad\u00e9mico musical. O dom\u00ednio e compreens\u00e3o das pr\u00e1ticas musicais relacionadas com a Morna ser\u00e1 apreendido atrav\u00e9s de workshops e da realiza\u00e7\u00e3o de um concerto final que englobar\u00e1 os conte\u00fados ensinados\u00a0<\/p>\n\n\n\n<p>Os workshops, com a dura\u00e7\u00e3o de dois dias intensivos, ser\u00e3o dirigidos por Humberto Ramos (1967), compositor, pianista, professor e orquestrador, tendo como p\u00fablico-alvo estudantes de m\u00fasica e instrumentistas que desejem aprender ou aprofundar conhecimentos sobre este g\u00e9nero musical.<\/p>\n\n\n\n<h1 class=\"wp-block-heading\"><strong>Apresenta\u00e7\u00e3o do projeto<\/strong><\/h1>\n\n\n\n<p><strong>O projeto pretende levar a Morna a outros palcos, nomeadamente ao meio acad\u00e9mico.<\/strong><\/p>\n\n\n\n<p>Elevada a Patrim\u00f3nio Imaterial da Humanidade, urge que a Morna seja transportada para o resto do Mundo de modo a que seja poss\u00edvel estudar, interpretar e ensinar esta tradi\u00e7\u00e3o musical.\u00a0 Desde Ces\u00e1ria \u00c9vora, uma das principais embaixadoras da m\u00fasica tradicional de Cabo Verde no mundo, que a Morna tem sido interpretada e escutada em pa\u00edses de todos os continentes. Contudo, apesar do not\u00f3rio interesse que mobiliza multid\u00f5es de todas as nacionalidades para ouvir este tipo de m\u00fasica, nunca houve antes um projecto que aspirasse a mais do que apenas \u00e0 apresenta\u00e7\u00e3o e interpreta\u00e7\u00e3o da Morna.\u00a0<\/p>\n\n\n\n<p>O projecto <strong>RAMOS DE MORNA<\/strong> \u00e9 um projeto piloto no que diz respeito \u00e0 m\u00fasica cabo-verdiana por ser o \u00fanico que se prop\u00f5e a um car\u00e1cter mais pedag\u00f3gico e acad\u00e9mico, ambicionando deixar em cada escola um conhecimento mais \u00edntimo da m\u00fasica tradicional de Cabo Verde para que ela possa permanecer nos espa\u00e7os musicais para um estudo mais aprofundado, em oposi\u00e7\u00e3o ao lugar epis\u00f3dico e moment\u00e2neo que tem ocupado at\u00e9 agora na maior parte dos pa\u00edses da di\u00e1spora.<\/p>\n\n\n\n<p>Os workshops que propomos s\u00e3o pr\u00e1tica comum e habitual em escolas de m\u00fasica de todo o mundo, uma conhecida forma de enriquecimento musical dos estudantes \u2013 workshops estes nunca antes desenvolvidos dentro daquilo que \u00e9 a m\u00fasica de Cabo Verde, com formadores de alta especializa\u00e7\u00e3o no que \u00e0 Morna diz respeito, nomeadamente Humberto Ramos, que gravou e fez digress\u00f5es com os artitas mais conceituados de Cabo Verde, incluindo a Ces\u00e1ria \u00c9vora, sendo actualmente o director musical do projecto Tribute a Ces\u00e1ria \u00c9vora que continua a levar a m\u00fasica de Cabo Verde a v\u00e1rios palcos mundiais.<\/p>\n\n\n\n<p><\/p>\n<\/body>","protected":false},"excerpt":{"rendered":"<p>RAMOS DE MORNA \u201cRamos de Morna\u201d \u00e9 um projecto que pretende levar a Morna, g\u00e9nero musical emblem\u00e1tico de Cabo Verde, ao meio acad\u00e9mico musical. O dom\u00ednio e compreens\u00e3o das pr\u00e1ticas musicais relacionadas com a Morna ser\u00e1 apreendido atrav\u00e9s de workshops e da realiza\u00e7\u00e3o de um concerto final que englobar\u00e1 os conte\u00fados ensinados\u00a0 Os workshops, com [&hellip;]<\/p>\n","protected":false},"author":1,"featured_media":0,"parent":0,"menu_order":0,"comment_status":"closed","ping_status":"closed","template":"","meta":{"om_disable_all_campaigns":false,"_monsterinsights_skip_tracking":false,"_monsterinsights_sitenote_active":false,"_monsterinsights_sitenote_note":"","_monsterinsights_sitenote_category":0,"footnotes":""},"class_list":["post-5","page","type-page","status-publish","hentry"],"jetpack_sharing_enabled":true,"_links":{"self":[{"href":"https:\/\/humbertoramos.net\/ramosdemorna\/wp-json\/wp\/v2\/pages\/5","targetHints":{"allow":["GET"]}}],"collection":[{"href":"https:\/\/humbertoramos.net\/ramosdemorna\/wp-json\/wp\/v2\/pages"}],"about":[{"href":"https:\/\/humbertoramos.net\/ramosdemorna\/wp-json\/wp\/v2\/types\/page"}],"author":[{"embeddable":true,"href":"https:\/\/humbertoramos.net\/ramosdemorna\/wp-json\/wp\/v2\/users\/1"}],"replies":[{"embeddable":true,"href":"https:\/\/humbertoramos.net\/ramosdemorna\/wp-json\/wp\/v2\/comments?post=5"}],"version-history":[{"count":5,"href":"https:\/\/humbertoramos.net\/ramosdemorna\/wp-json\/wp\/v2\/pages\/5\/revisions"}],"predecessor-version":[{"id":72,"href":"https:\/\/humbertoramos.net\/ramosdemorna\/wp-json\/wp\/v2\/pages\/5\/revisions\/72"}],"wp:attachment":[{"href":"https:\/\/humbertoramos.net\/ramosdemorna\/wp-json\/wp\/v2\/media?parent=5"}],"curies":[{"name":"wp","href":"https:\/\/api.w.org\/{rel}","templated":true}]}}