{"id":134,"date":"2022-12-23T11:45:52","date_gmt":"2022-12-23T11:45:52","guid":{"rendered":"https:\/\/humbertoramos.net\/songbooks\/?page_id=134"},"modified":"2023-12-11T20:23:48","modified_gmt":"2023-12-11T20:23:48","slug":"buy-your-songbook","status":"publish","type":"page","link":"https:\/\/humbertoramos.net\/songbooks\/buy-your-songbook\/","title":{"rendered":"Buy your Songbook"},"content":{"rendered":"<p><strong>Volume 1<\/strong><\/p>\n<p><a href=\"https:\/\/www.amazon.es\/Songbook-Cabo-Verde-Compositions-Humberto\/dp\/9895370245\/ref=sr_1_2?__mk_es_ES=%C3%85M%C3%85%C5%BD%C3%95%C3%91&amp;crid=EK4U9EZ0LXUP&amp;keywords=songbook+cabo+verde&amp;qid=1702326061&amp;sprefix=songbook+cabo+verde%2Caps%2C156&amp;sr=8-2\">Composi\u00e7\u00f5es de Humberto Ramos<\/a><\/p>\n<p><strong>Volume 2<\/strong><\/p>\n<p>soon&#8230;<\/p>\n<p><strong>Volume 3<\/strong><\/p>\n<p><a href=\"https:\/\/www.amazon.es\/Songbook-Cabo-Verde-Compositions-Pinheiro\/dp\/9895370296\/ref=sr_1_1?__mk_es_ES=%C3%85M%C3%85%C5%BD%C3%95%C3%91&amp;crid=EK4U9EZ0LXUP&amp;keywords=songbook+cabo+verde&amp;qid=1702326148&amp;sprefix=songbook+cabo+verde%2Caps%2C156&amp;sr=8-1\">Composi\u00e7\u00f5es de Vuca Pinheiro<\/a><\/p>\n<p><strong>Volume 4<\/strong><\/p>\n<p><a href=\"https:\/\/www.amazon.es\/Songbook-Cabo-Verde-Compositions-Tavares\/dp\/9895370253\/ref=sr_1_3?__mk_es_ES=%C3%85M%C3%85%C5%BD%C3%95%C3%91&amp;crid=EK4U9EZ0LXUP&amp;keywords=songbook+cabo+verde&amp;qid=1702326148&amp;sprefix=songbook+cabo+verde%2Caps%2C156&amp;sr=8-3\">Composi\u00e7\u00f5es de George Tavares<\/a><\/p>\n<p>&nbsp;<\/p>\n<p>&nbsp;<\/p>\n<div class=\"wpforms-container wpforms-container-full\" id=\"wpforms-153\"><form id=\"wpforms-form-153\" class=\"wpforms-validate wpforms-form wpforms-ajax-form\" data-formid=\"153\" method=\"post\" enctype=\"multipart\/form-data\" action=\"\/songbooks\/wp-json\/wp\/v2\/pages\/134\" data-token=\"137b9e8ec14ca99eb79b4e649c38085c\"><noscript class=\"wpforms-error-noscript\">Please enable JavaScript in your browser to complete this form.<\/noscript><div class=\"wpforms-field-container\"><div id=\"wpforms-153-field_2-container\" class=\"wpforms-field wpforms-field-text\" data-field-id=\"2\"><label class=\"wpforms-field-label\" for=\"wpforms-153-field_2\">Name <span class=\"wpforms-required-label\">*<\/span><\/label><input type=\"text\" id=\"wpforms-153-field_2\" class=\"wpforms-field-medium wpforms-field-required\" name=\"wpforms[fields][2]\" required><\/div><div id=\"wpforms-153-field_3-container\" class=\"wpforms-field wpforms-field-select wpforms-field-select-style-classic\" data-field-id=\"3\"><label class=\"wpforms-field-label\" for=\"wpforms-153-field_3\">Volume <span class=\"wpforms-required-label\">*<\/span><\/label><select id=\"wpforms-153-field_3\" class=\"wpforms-field-medium wpforms-field-required\" name=\"wpforms[fields][3]\" required=\"required\"><option value=\"Songbook Vol.1\" >Songbook Vol.1<\/option><option value=\"Songbook Vol.4\" >Songbook Vol.4<\/option><option value=\"Third Choice\" >Third Choice<\/option><\/select><\/div><div id=\"wpforms-153-field_1-container\" class=\"wpforms-field wpforms-field-email\" data-field-id=\"1\"><label class=\"wpforms-field-label\" for=\"wpforms-153-field_1\">Email <span class=\"wpforms-required-label\">*<\/span><\/label><input type=\"email\" id=\"wpforms-153-field_1\" class=\"wpforms-field-medium wpforms-field-required\" name=\"wpforms[fields][1]\" required><\/div><div id=\"wpforms-153-field_4-container\" class=\"wpforms-field wpforms-field-textarea\" data-field-id=\"4\"><label class=\"wpforms-field-label\" for=\"wpforms-153-field_4\">Adress <span class=\"wpforms-required-label\">*<\/span><\/label><textarea id=\"wpforms-153-field_4\" class=\"wpforms-field-medium wpforms-field-required\" name=\"wpforms[fields][4]\" required><\/textarea><\/div><div id=\"wpforms-153-field_5-container\" class=\"wpforms-field wpforms-field-select wpforms-field-select-style-classic\" data-field-id=\"5\"><label class=\"wpforms-field-label\" for=\"wpforms-153-field_5\">Qtd <span class=\"wpforms-required-label\">*<\/span><\/label><select id=\"wpforms-153-field_5\" class=\"wpforms-field-medium wpforms-field-required\" name=\"wpforms[fields][5]\" required=\"required\"><option value=\"1 book\" >1 book<\/option><option value=\"2 book\" >2 book<\/option><option value=\"3 book\" >3 book<\/option><\/select><\/div><\/div><div class=\"wpforms-submit-container\"><input type=\"hidden\" name=\"wpforms[id]\" value=\"153\"><input type=\"hidden\" name=\"wpforms[author]\" value=\"1\"><button type=\"submit\" name=\"wpforms[submit]\" id=\"wpforms-submit-153\" class=\"wpforms-submit\" data-alt-text=\"Sending...\" data-submit-text=\"Submit\" aria-live=\"assertive\" value=\"wpforms-submit\">Submit<\/button><img loading=\"lazy\" decoding=\"async\" src=\"https:\/\/humbertoramos.net\/songbooks\/wp-content\/plugins\/wpforms-lite\/assets\/images\/submit-spin.svg\" class=\"wpforms-submit-spinner\" style=\"display: none;\" width=\"26\" height=\"26\" alt=\"Loading\"><\/div><\/form><\/div>  <!-- .wpforms-container -->\n","protected":false},"excerpt":{"rendered":"<p>Volume 1 Composi\u00e7\u00f5es de Humberto Ramos Volume 2 soon&#8230; Volume 3 Composi\u00e7\u00f5es de Vuca Pinheiro Volume 4 Composi\u00e7\u00f5es de George Tavares &nbsp; &nbsp;<\/p>\n","protected":false},"author":1,"featured_media":0,"parent":0,"menu_order":0,"comment_status":"closed","ping_status":"closed","template":"","meta":{"footnotes":""},"class_list":["post-134","page","type-page","status-publish","hentry","nodate","item-wrap"],"_links":{"self":[{"href":"https:\/\/humbertoramos.net\/songbooks\/wp-json\/wp\/v2\/pages\/134","targetHints":{"allow":["GET"]}}],"collection":[{"href":"https:\/\/humbertoramos.net\/songbooks\/wp-json\/wp\/v2\/pages"}],"about":[{"href":"https:\/\/humbertoramos.net\/songbooks\/wp-json\/wp\/v2\/types\/page"}],"author":[{"embeddable":true,"href":"https:\/\/humbertoramos.net\/songbooks\/wp-json\/wp\/v2\/users\/1"}],"replies":[{"embeddable":true,"href":"https:\/\/humbertoramos.net\/songbooks\/wp-json\/wp\/v2\/comments?post=134"}],"version-history":[{"count":9,"href":"https:\/\/humbertoramos.net\/songbooks\/wp-json\/wp\/v2\/pages\/134\/revisions"}],"predecessor-version":[{"id":169,"href":"https:\/\/humbertoramos.net\/songbooks\/wp-json\/wp\/v2\/pages\/134\/revisions\/169"}],"wp:attachment":[{"href":"https:\/\/humbertoramos.net\/songbooks\/wp-json\/wp\/v2\/media?parent=134"}],"curies":[{"name":"wp","href":"https:\/\/api.w.org\/{rel}","templated":true}]}}